{"id":678,"date":"2022-06-15T13:45:36","date_gmt":"2022-06-15T13:45:36","guid":{"rendered":"https:\/\/demo.creativethemes.com\/stagingfour\/?page_id=678"},"modified":"2026-01-17T19:35:49","modified_gmt":"2026-01-17T23:35:49","slug":"home","status":"publish","type":"page","link":"https:\/\/mayralapaz.com\/","title":{"rendered":"Inicio"},"content":{"rendered":"\n<div class=\"wp-block-stackable-columns alignfull stk-block-columns stk-block stk-b47f5d9\" data-block-id=\"b47f5d9\"><style>.stk-b47f5d9 {top:10px !important;}<\/style><div class=\"stk-row stk-inner-blocks stk-block-content stk-content-align stk-b47f5d9-column alignfull\">\n<div class=\"wp-block-stackable-column stk-block-column stk-column stk-block stk-0679d6e\" data-v=\"4\" data-block-id=\"0679d6e\"><div class=\"stk-column-wrapper stk-block-column__content stk-container stk-0679d6e-container stk--no-background stk--no-padding\"><div class=\"stk-block-content stk-inner-blocks stk-0679d6e-inner-blocks\">\n<div class=\"wp-block-stackable-image stk-block-image has-text-align-center stk-block stk-bcecc87\" data-block-id=\"bcecc87\"><style>.stk-bcecc87 .stk-img-wrapper{width:2000px !important;}@media screen and (max-width:689px){.stk-bcecc87 .stk-img-wrapper{width:100% !important;}}<\/style><figure><span class=\"stk-img-wrapper stk-image--shape-stretch\"><img fetchpriority=\"high\" decoding=\"async\" class=\"stk-img wp-image-5737\" src=\"http:\/\/mayralapaz.com\/wp-content\/uploads\/2026\/01\/Diseno-sin-titulo.jpg\" width=\"1200\" height=\"457\" srcset=\"https:\/\/mayralapaz.com\/wp-content\/uploads\/2026\/01\/Diseno-sin-titulo.jpg 1200w, https:\/\/mayralapaz.com\/wp-content\/uploads\/2026\/01\/Diseno-sin-titulo-300x114.jpg 300w, https:\/\/mayralapaz.com\/wp-content\/uploads\/2026\/01\/Diseno-sin-titulo-1024x390.jpg 1024w, https:\/\/mayralapaz.com\/wp-content\/uploads\/2026\/01\/Diseno-sin-titulo-768x292.jpg 768w, https:\/\/mayralapaz.com\/wp-content\/uploads\/2026\/01\/Diseno-sin-titulo-600x229.jpg 600w\" sizes=\"(max-width: 1200px) 100vw, 1200px\" \/><\/span><\/figure><\/div>\n<\/div><\/div><\/div>\n<\/div><\/div>\n\n\n\n<p><\/p>\n\n\n\n<div class=\"wp-block-stackable-columns stk-block-columns stk-block stk-72b055c\" data-block-id=\"72b055c\"><style>.stk-72b055c {top:-38px !important;}<\/style><div class=\"stk-row stk-inner-blocks stk-block-content stk-content-align stk-72b055c-column\">\n<div class=\"wp-block-stackable-column stk-block-column stk-column stk-block stk-f3df1f5\" data-v=\"4\" data-block-id=\"f3df1f5\"><div class=\"stk-column-wrapper stk-block-column__content stk-container stk-f3df1f5-container stk--no-background stk--no-padding\"><div class=\"stk-block-content stk-inner-blocks stk-f3df1f5-inner-blocks\">\n<div class=\"wp-block-stackable-image stk-block-image stk-block stk-bb7a9b5\" data-block-id=\"bb7a9b5\"><figure><span class=\"stk-img-wrapper stk-image--shape-stretch\"><img decoding=\"async\" class=\"stk-img wp-image-5713\" src=\"http:\/\/mayralapaz.com\/wp-content\/uploads\/2026\/01\/Entrevistando-a-Wilson-1.jpg\" width=\"1200\" height=\"811\" srcset=\"https:\/\/mayralapaz.com\/wp-content\/uploads\/2026\/01\/Entrevistando-a-Wilson-1.jpg 1200w, https:\/\/mayralapaz.com\/wp-content\/uploads\/2026\/01\/Entrevistando-a-Wilson-1-300x203.jpg 300w, https:\/\/mayralapaz.com\/wp-content\/uploads\/2026\/01\/Entrevistando-a-Wilson-1-1024x692.jpg 1024w, https:\/\/mayralapaz.com\/wp-content\/uploads\/2026\/01\/Entrevistando-a-Wilson-1-768x519.jpg 768w, https:\/\/mayralapaz.com\/wp-content\/uploads\/2026\/01\/Entrevistando-a-Wilson-1-600x406.jpg 600w\" sizes=\"(max-width: 1200px) 100vw, 1200px\" \/><\/span><\/figure><\/div>\n\n\n\n<div class=\"wp-block-stackable-text stk-block-text stk-block stk-ea1b96b\" data-block-id=\"ea1b96b\"><p class=\"stk-block-text__text\">De sue\u00f1os a realidad, Wilson Cardy y caminar en Vancouver, Canada<\/p><\/div>\n\n\n\n<div class=\"wp-block-buttons is-nowrap is-layout-flex wp-container-core-buttons-is-layout-6c531013 wp-block-buttons-is-layout-flex\">\n<div class=\"wp-block-button has-custom-width wp-block-button__width-50\"><a class=\"wp-block-button__link wp-element-button\" href=\"https:\/\/www.youtube.com\/watch?v=j66dtqbjIFY&amp;t=683s\">Seguir Leyendo<\/a><\/div>\n<\/div>\n<\/div><\/div><\/div>\n\n\n\n<div class=\"wp-block-stackable-column stk-block-column stk-column stk-block stk-58f1793\" data-v=\"4\" data-block-id=\"58f1793\"><div class=\"stk-column-wrapper stk-block-column__content stk-container stk-58f1793-container stk--no-background stk--no-padding\"><div class=\"stk-block-content stk-inner-blocks stk-58f1793-inner-blocks\">\n<div class=\"wp-block-stackable-image stk-block-image stk-block stk-7528830\" data-block-id=\"7528830\"><figure><span class=\"stk-img-wrapper stk-image--shape-stretch\"><img decoding=\"async\" class=\"stk-img wp-image-5714\" src=\"http:\/\/mayralapaz.com\/wp-content\/uploads\/2026\/01\/Yo-Mentoriando-1.jpg\" width=\"1200\" height=\"675\" srcset=\"https:\/\/mayralapaz.com\/wp-content\/uploads\/2026\/01\/Yo-Mentoriando-1.jpg 1200w, https:\/\/mayralapaz.com\/wp-content\/uploads\/2026\/01\/Yo-Mentoriando-1-300x169.jpg 300w, https:\/\/mayralapaz.com\/wp-content\/uploads\/2026\/01\/Yo-Mentoriando-1-1024x576.jpg 1024w, https:\/\/mayralapaz.com\/wp-content\/uploads\/2026\/01\/Yo-Mentoriando-1-768x432.jpg 768w, https:\/\/mayralapaz.com\/wp-content\/uploads\/2026\/01\/Yo-Mentoriando-1-600x338.jpg 600w\" sizes=\"(max-width: 1200px) 100vw, 1200px\" \/><\/span><\/figure><\/div>\n\n\n\n<div class=\"wp-block-stackable-text stk-block-text stk-block stk-d3b71b8\" data-block-id=\"d3b71b8\"><p class=\"stk-block-text__text\">Mentoreando a mujeres profesionales emprendedoras en Florida Central a trav\u00e9s de la C\u00e1mara M\u00e9xico Americana en Florida Central<\/p><\/div>\n<\/div><\/div><\/div>\n\n\n\n<div class=\"wp-block-stackable-column stk-block-column stk-column stk-block stk-ad1e647\" data-v=\"4\" data-block-id=\"ad1e647\"><div class=\"stk-column-wrapper stk-block-column__content stk-container stk-ad1e647-container stk--no-background stk--no-padding\"><div class=\"stk-block-content stk-inner-blocks stk-ad1e647-inner-blocks\">\n<div class=\"wp-block-stackable-image stk-block-image stk-block stk-f5e352d\" data-block-id=\"f5e352d\"><figure><span class=\"stk-img-wrapper stk-image--shape-stretch\"><img loading=\"lazy\" decoding=\"async\" class=\"stk-img wp-image-5715\" src=\"http:\/\/mayralapaz.com\/wp-content\/uploads\/2026\/01\/Mi-trayectoria-1.jpg\" width=\"1200\" height=\"675\" srcset=\"https:\/\/mayralapaz.com\/wp-content\/uploads\/2026\/01\/Mi-trayectoria-1.jpg 1200w, https:\/\/mayralapaz.com\/wp-content\/uploads\/2026\/01\/Mi-trayectoria-1-300x169.jpg 300w, https:\/\/mayralapaz.com\/wp-content\/uploads\/2026\/01\/Mi-trayectoria-1-1024x576.jpg 1024w, https:\/\/mayralapaz.com\/wp-content\/uploads\/2026\/01\/Mi-trayectoria-1-768x432.jpg 768w, https:\/\/mayralapaz.com\/wp-content\/uploads\/2026\/01\/Mi-trayectoria-1-600x338.jpg 600w\" sizes=\"(max-width: 1200px) 100vw, 1200px\" \/><\/span><\/figure><\/div>\n\n\n\n<div class=\"wp-block-stackable-text stk-block-text stk-block stk-90eb695\" data-block-id=\"90eb695\"><p class=\"stk-block-text__text\">Su trayectoria en el periodismo en Rep\u00fablica Dominicana, New York y Florida<\/p><\/div>\n<\/div><\/div><\/div>\n<\/div><\/div>\n\n\n\n<p><\/p>\n","protected":false},"excerpt":{"rendered":"excerpt","protected":false},"author":1,"featured_media":0,"parent":0,"menu_order":0,"comment_status":"closed","ping_status":"closed","template":"","meta":{"_uag_custom_page_level_css":"","episode_type":"","audio_file":"","podmotor_file_id":"","podmotor_episode_id":"","cover_image":"","cover_image_id":"","duration":"","filesize":"","filesize_raw":"","date_recorded":"","explicit":"","block":"","itunes_episode_number":"","itunes_title":"","itunes_season_number":"","itunes_episode_type":"","_jet_sm_ready_style":"","_jet_sm_style":"","_jet_sm_controls_values":"","_jet_sm_fonts_collection":"","_jet_sm_fonts_links":"","_joinchat":[],"footnotes":""},"class_list":["post-678","page","type-page","status-publish","hentry"],"blocksy_meta":{"page_title_panel":"","has_hero_section":"disabled","2338014cd58420ac6277da2eda79d99d":"","hero_section":"type-1","hero_elements":[{"id":"custom_title","enabled":true,"heading_tag":"h1","title":"Home"},{"id":"custom_description","enabled":true,"description_visibility":{"desktop":true,"tablet":true,"mobile":false}},{"id":"custom_meta","enabled":false,"meta_elements":[{"id":"author","enabled":true,"label":"By","has_author_avatar":"yes","avatar_size":25},{"id":"post_date","enabled":true,"label":"On","date_format_source":"default","date_format":"M j, Y"},{"id":"updated_date","enabled":false,"label":"On","date_format_source":"default","date_format":"M j, Y"},{"id":"categories","enabled":false,"label":"In","style":"simple"},{"id":"comments","enabled":true}],"page_meta_elements":{"joined":true,"articles_count":true,"comments":true}},{"id":"breadcrumbs","enabled":false}],"07a27012473e42403446aa50c8cce948":"","hero_alignment1":"CT_CSS_SKIP_RULE","hero_margin":40,"hero_alignment2":"center","hero_vertical_alignment":"center","5cdd21d09401f798d8764e6a3caea1c4":"","hero_structure":"narrow","d5c7b3676b8ae9af5344453b24daefe6":"","page_title_bg_type":"featured_image","custom_hero_background":{"attachment_id":null},"page_title_image_size":"full","parallax":{"desktop":false,"tablet":false,"mobile":false},"871c6fcd94f28db655d92054dbf7163c":"","hero_height":"250px","pageTitleFont":{"family":"Default","variation":"Default","size":"30px","line-height":"CT_CSS_SKIP_RULE","letter-spacing":"CT_CSS_SKIP_RULE","text-transform":"CT_CSS_SKIP_RULE","text-decoration":"CT_CSS_SKIP_RULE"},"pageTitleFontColor":{"default":{"color":"CT_CSS_SKIP_RULEDEFAULT"}},"pageMetaFont":{"family":"Default","variation":"n6","size":"12px","line-height":"1.3","letter-spacing":"CT_CSS_SKIP_RULE","text-transform":"uppercase","text-decoration":"CT_CSS_SKIP_RULE"},"pageMetaFontColor":{"default":{"color":"CT_CSS_SKIP_RULEDEFAULT"},"hover":{"color":"CT_CSS_SKIP_RULEDEFAULT"}},"page_meta_button_type_font_colors":{"default":{"color":"CT_CSS_SKIP_RULEDEFAULT"},"hover":{"color":"CT_CSS_SKIP_RULEDEFAULT"}},"page_meta_button_type_background_colors":{"default":{"color":"CT_CSS_SKIP_RULEDEFAULT"},"hover":{"color":"CT_CSS_SKIP_RULEDEFAULT"}},"pageExcerptFont":{"family":"Default","variation":"Default","size":"CT_CSS_SKIP_RULE","line-height":"CT_CSS_SKIP_RULE","letter-spacing":"CT_CSS_SKIP_RULE","text-transform":"CT_CSS_SKIP_RULE","text-decoration":"CT_CSS_SKIP_RULE"},"pageExcerptColor":{"default":{"color":"CT_CSS_SKIP_RULEDEFAULT"}},"breadcrumbsFont":{"family":"Default","variation":"Default","size":"CT_CSS_SKIP_RULE","line-height":"CT_CSS_SKIP_RULE","letter-spacing":"CT_CSS_SKIP_RULE","text-transform":"CT_CSS_SKIP_RULE","text-decoration":"CT_CSS_SKIP_RULE"},"breadcrumbsFontColor":{"default":{"color":"CT_CSS_SKIP_RULEDEFAULT"},"initial":{"color":"CT_CSS_SKIP_RULEDEFAULT"},"hover":{"color":"CT_CSS_SKIP_RULEDEFAULT"}},"pageTitleOverlay":{"background_type":"color","background_pattern":"type-1","background_image":{"attachment_id":null,"x":0,"y":0},"gradient":"linear-gradient(135deg,rgba(6,147,227,1) 0%,rgb(155,81,224) 100%)","background_repeat":"repeat","background_size":"auto","background_attachment":"scroll","patternColor":{"default":{"color":"#e5e7ea"}},"overlayColor":{"default":{"color":"CT_CSS_SKIP_RULE"}},"backgroundColor":{"default":{"color":"CT_CSS_SKIP_RULE"}}},"pageTitleBackground":{"background_type":"color","background_pattern":"type-1","background_image":{"attachment_id":null,"x":0,"y":0},"gradient":"linear-gradient(135deg,rgba(6,147,227,1) 0%,rgb(155,81,224) 100%)","background_repeat":"repeat","background_size":"auto","background_attachment":"scroll","patternColor":{"default":{"color":"#e5e7ea"}},"overlayColor":{"default":{"color":"CT_CSS_SKIP_RULE"}},"backgroundColor":{"default":{"color":"var(--theme-palette-color-6)"}}},"pageTitlePadding":{"top":"50px","bottom":"50px","left":"auto","right":"auto","linked":true},"99111b16e557b08b807a9c73316bc668":"","page_structure_type":"default","15d4f4219e0e895016050992f6d0db09":"","content_style_source":"inherit","content_style":"wide","vertical_spacing_source":"custom","content_area_spacing":"none","background":{"background_type":"color","background_pattern":"type-1","background_image":{"attachment_id":null,"x":0,"y":0},"gradient":"linear-gradient(135deg,rgba(6,147,227,1) 0%,rgb(155,81,224) 100%)","background_repeat":"repeat","background_size":"auto","background_attachment":"scroll","patternColor":{"default":{"color":"#e5e7ea"}},"overlayColor":{"default":{"color":"CT_CSS_SKIP_RULE"}},"backgroundColor":{"default":{"color":"CT_CSS_SKIP_RULE"}}},"content_background":{"background_type":"color","background_pattern":"type-1","background_image":{"attachment_id":null,"x":0,"y":0},"gradient":"linear-gradient(135deg,rgba(6,147,227,1) 0%,rgb(155,81,224) 100%)","background_repeat":"repeat","background_size":"auto","background_attachment":"scroll","patternColor":{"default":{"color":"#e5e7ea"}},"overlayColor":{"default":{"color":"CT_CSS_SKIP_RULE"}},"backgroundColor":{"default":{"color":"var(--theme-palette-color-8)"}}},"content_boxed_shadow":{"inherit":false,"blur":18,"spread":-6,"v_offset":12,"h_offset":0,"inset":false,"enable":true,"color":{"color":"rgba(34, 56, 101, 0.04)"}},"content_boxed_border":{"width":1,"style":"none","color":{"color":"rgba(44,62,80,0.2)"}},"content_boxed_radius":{"top":"3px","bottom":"3px","left":"3px","right":"3px","linked":true},"boxed_content_spacing":{"desktop":{"top":"40px","bottom":"40px","left":"40px","right":"40px","linked":true},"tablet":{"top":"35px","bottom":"35px","left":"35px","right":"35px","linked":true},"mobile":{"top":"20px","bottom":"20px","left":"20px","right":"20px","linked":true}},"ffae9585e5c22d8689d4b4f5a30bc707":"","disable_featured_image":"no","disable_share_box":"no","disable_header":"no","disable_footer":"no","styles_descriptor":{"styles":{"desktop":"","tablet":"","mobile":""},"google_fonts":[],"version":6}},"uagb_featured_image_src":{"full":false,"thumbnail":false,"medium":false,"medium_large":false,"large":false,"1536x1536":false,"2048x2048":false,"woocommerce_archive_thumbnail":false,"woocommerce_thumbnail":false,"woocommerce_single":false,"woocommerce_gallery_thumbnail":false},"uagb_author_info":{"display_name":"mayralapaz.com","author_link":"https:\/\/mayralapaz.com\/index.php\/author\/mayralapaz-com\/"},"uagb_comment_info":0,"uagb_excerpt":"De sue\u00f1os a realidad, Wilson Cardy y caminar en Vancouver, Canada Mentoreando a mujeres profesionales emprendedoras en Florida Central a trav\u00e9s de la C\u00e1mara M\u00e9xico Americana en Florida Central Su trayectoria en el periodismo en Rep\u00fablica Dominicana, New York y Florida","_links":{"self":[{"href":"https:\/\/mayralapaz.com\/index.php\/wp-json\/wp\/v2\/pages\/678","targetHints":{"allow":["GET"]}}],"collection":[{"href":"https:\/\/mayralapaz.com\/index.php\/wp-json\/wp\/v2\/pages"}],"about":[{"href":"https:\/\/mayralapaz.com\/index.php\/wp-json\/wp\/v2\/types\/page"}],"author":[{"embeddable":true,"href":"https:\/\/mayralapaz.com\/index.php\/wp-json\/wp\/v2\/users\/1"}],"replies":[{"embeddable":true,"href":"https:\/\/mayralapaz.com\/index.php\/wp-json\/wp\/v2\/comments?post=678"}],"version-history":[{"count":180,"href":"https:\/\/mayralapaz.com\/index.php\/wp-json\/wp\/v2\/pages\/678\/revisions"}],"predecessor-version":[{"id":5755,"href":"https:\/\/mayralapaz.com\/index.php\/wp-json\/wp\/v2\/pages\/678\/revisions\/5755"}],"wp:attachment":[{"href":"https:\/\/mayralapaz.com\/index.php\/wp-json\/wp\/v2\/media?parent=678"}],"curies":[{"name":"wp","href":"https:\/\/api.w.org\/{rel}","templated":true}]}}