{"id":1987,"date":"2024-08-09T08:21:49","date_gmt":"2024-08-09T12:21:49","guid":{"rendered":"https:\/\/mayralapaz.com\/?page_id=1987"},"modified":"2024-08-20T19:34:50","modified_gmt":"2024-08-20T23:34:50","slug":"mision-vision-2","status":"publish","type":"page","link":"https:\/\/mayralapaz.com\/index.php\/mision-vision-2\/","title":{"rendered":"Misi\u00f3n, Visi\u00f3n"},"content":{"rendered":"\n<div class=\"wp-block-stackable-columns stk-block-columns stk-block stk-ca480af\" data-block-id=\"ca480af\"><style>.stk-ca480af{margin-bottom:0px !important;top:-96px !important}<\/style><div class=\"stk-row stk-inner-blocks stk-block-content stk-content-align stk-ca480af-column\">\n<div class=\"wp-block-stackable-column stk-block-column stk-column stk-block stk-aa604a1\" data-v=\"4\" data-block-id=\"aa604a1\"><div class=\"stk-column-wrapper stk-block-column__content stk-container stk-aa604a1-container stk--no-background stk--no-padding\"><div class=\"stk-block-content stk-inner-blocks stk-aa604a1-inner-blocks\">\n<div class=\"wp-block-stackable-columns stk-block-columns stk-block stk-f435385\" data-block-id=\"f435385\"><div class=\"stk-row stk-inner-blocks stk-block-content stk-content-align stk-f435385-column\">\n<div class=\"wp-block-stackable-column stk-block-column stk-column stk-block stk-6c230f3\" data-v=\"4\" data-block-id=\"6c230f3\"><div class=\"stk-column-wrapper stk-block-column__content stk-container stk-6c230f3-container stk--no-background stk--no-padding\"><div class=\"stk-block-content stk-inner-blocks stk-6c230f3-inner-blocks\">\n<div class=\"wp-block-stackable-image stk-block-image stk-block stk-ed93e05\" data-block-id=\"ed93e05\"><style>.stk-ed93e05 .stk-img-wrapper{width:77% !important}<\/style><figure><span class=\"stk-img-wrapper stk-image--shape-stretch\"><img fetchpriority=\"high\" decoding=\"async\" class=\"stk-img wp-image-2007\" src=\"http:\/\/mayralapaz.com\/wp-content\/uploads\/2024\/08\/Foto-portada-latina-mision.webp\" width=\"1024\" height=\"1024\" srcset=\"https:\/\/mayralapaz.com\/wp-content\/uploads\/2024\/08\/Foto-portada-latina-mision.webp 1024w, https:\/\/mayralapaz.com\/wp-content\/uploads\/2024\/08\/Foto-portada-latina-mision-300x300.webp 300w, https:\/\/mayralapaz.com\/wp-content\/uploads\/2024\/08\/Foto-portada-latina-mision-100x100.webp 100w, https:\/\/mayralapaz.com\/wp-content\/uploads\/2024\/08\/Foto-portada-latina-mision-600x600.webp 600w, https:\/\/mayralapaz.com\/wp-content\/uploads\/2024\/08\/Foto-portada-latina-mision-500x500.webp 500w, https:\/\/mayralapaz.com\/wp-content\/uploads\/2024\/08\/Foto-portada-latina-mision-150x150.webp 150w, https:\/\/mayralapaz.com\/wp-content\/uploads\/2024\/08\/Foto-portada-latina-mision-768x768.webp 768w\" sizes=\"(max-width: 1024px) 100vw, 1024px\" \/><\/span><\/figure><\/div>\n<\/div><\/div><\/div>\n\n\n\n<div class=\"wp-block-stackable-column stk-block-column stk-column stk-block stk-79e6a40\" data-v=\"4\" data-block-id=\"79e6a40\"><div class=\"stk-column-wrapper stk-block-column__content stk-container stk-79e6a40-container stk--no-background stk--no-padding\"><div class=\"stk-block-content stk-inner-blocks stk-79e6a40-inner-blocks\">\n<div class=\"wp-block-stackable-image stk-block-image stk-block stk-0a9870c\" data-block-id=\"0a9870c\"><style>.stk-0a9870c .stk-img-wrapper{width:77% !important}<\/style><figure><span class=\"stk-img-wrapper stk-image--shape-stretch\"><img decoding=\"async\" class=\"stk-img wp-image-2008\" src=\"http:\/\/mayralapaz.com\/wp-content\/uploads\/2024\/08\/Vision-PL.webp\" width=\"1024\" height=\"1024\" srcset=\"https:\/\/mayralapaz.com\/wp-content\/uploads\/2024\/08\/Vision-PL.webp 1024w, https:\/\/mayralapaz.com\/wp-content\/uploads\/2024\/08\/Vision-PL-300x300.webp 300w, https:\/\/mayralapaz.com\/wp-content\/uploads\/2024\/08\/Vision-PL-100x100.webp 100w, https:\/\/mayralapaz.com\/wp-content\/uploads\/2024\/08\/Vision-PL-600x600.webp 600w, https:\/\/mayralapaz.com\/wp-content\/uploads\/2024\/08\/Vision-PL-500x500.webp 500w, https:\/\/mayralapaz.com\/wp-content\/uploads\/2024\/08\/Vision-PL-150x150.webp 150w, https:\/\/mayralapaz.com\/wp-content\/uploads\/2024\/08\/Vision-PL-768x768.webp 768w\" sizes=\"(max-width: 1024px) 100vw, 1024px\" \/><\/span><\/figure><\/div>\n<\/div><\/div><\/div>\n\n\n\n<div class=\"wp-block-stackable-column stk-block-column stk-column stk-block stk-858bea2\" data-v=\"4\" data-block-id=\"858bea2\"><div class=\"stk-column-wrapper stk-block-column__content stk-container stk-858bea2-container stk--no-background stk--no-padding\"><div class=\"stk-block-content stk-inner-blocks stk-858bea2-inner-blocks\">\n<div class=\"wp-block-stackable-image stk-block-image stk-block stk-82f54bd\" data-block-id=\"82f54bd\"><style>.stk-82f54bd .stk-img-wrapper{width:77% !important}<\/style><figure><span class=\"stk-img-wrapper stk-image--shape-stretch\"><img decoding=\"async\" class=\"stk-img wp-image-2138\" src=\"http:\/\/mayralapaz.com\/wp-content\/uploads\/2024\/08\/Valores-Portada-Latina.webp\" width=\"1024\" height=\"1024\" srcset=\"https:\/\/mayralapaz.com\/wp-content\/uploads\/2024\/08\/Valores-Portada-Latina.webp 1024w, https:\/\/mayralapaz.com\/wp-content\/uploads\/2024\/08\/Valores-Portada-Latina-300x300.webp 300w, https:\/\/mayralapaz.com\/wp-content\/uploads\/2024\/08\/Valores-Portada-Latina-100x100.webp 100w, https:\/\/mayralapaz.com\/wp-content\/uploads\/2024\/08\/Valores-Portada-Latina-600x600.webp 600w, https:\/\/mayralapaz.com\/wp-content\/uploads\/2024\/08\/Valores-Portada-Latina-500x500.webp 500w, https:\/\/mayralapaz.com\/wp-content\/uploads\/2024\/08\/Valores-Portada-Latina-150x150.webp 150w, https:\/\/mayralapaz.com\/wp-content\/uploads\/2024\/08\/Valores-Portada-Latina-768x768.webp 768w\" sizes=\"(max-width: 1024px) 100vw, 1024px\" \/><\/span><\/figure><\/div>\n<\/div><\/div><\/div>\n<\/div><\/div>\n<\/div><\/div><\/div>\n<\/div><\/div>\n\n\n\n<div class=\"wp-block-stackable-columns stk-block-columns stk-block stk-5cd9c8f\" data-block-id=\"5cd9c8f\"><style>.stk-5cd9c8f{top:-85px !important}<\/style><div class=\"stk-row stk-inner-blocks stk-block-content stk-content-align stk-5cd9c8f-column\">\n<div class=\"wp-block-stackable-column stk-block-column stk-column stk-block stk-a60e6d3\" data-v=\"4\" data-block-id=\"a60e6d3\"><div class=\"stk-column-wrapper stk-block-column__content stk-container stk-a60e6d3-container stk--no-background stk--no-padding\"><div class=\"stk-block-content stk-inner-blocks stk-a60e6d3-inner-blocks\">\n<div class=\"wp-block-stackable-text stk-block-text stk-block stk-f05d152\" data-block-id=\"f05d152\"><style>.stk-f05d152{margin-bottom:0px !important;top:-40px !important}.stk-f05d152 .stk-block-text__text{font-size:35px !important}@media screen and (max-width:999px){.stk-f05d152 .stk-block-text__text{font-size:35px !important}}<\/style><p class=\"stk-block-text__text has-text-align-center\"><strong>Visi\u00f3n<\/strong><\/p><\/div>\n\n\n\n<div class=\"wp-block-stackable-text stk-block-text stk-block stk-5c66b53\" data-block-id=\"5c66b53\"><style>.stk-5c66b53{top:-50px !important}<\/style><p class=\"stk-block-text__text has-text-align-justify\">La revista Portada Latina en Florida Central aspira a ser el referente principal en la promoci\u00f3n y celebraci\u00f3n del talento hispano en Estados Unidos. Buscamos inspirar y empoderar a la comunidad hispana. Destacando sus logros y contribuciones significativas al desarrollo econ\u00f3mico, social y cultural del pa\u00eds, mientras fomentamos un sentido de orgullo y unidad entre nuestros lectores.<\/p><\/div>\n<\/div><\/div><\/div>\n\n\n\n<div class=\"wp-block-stackable-column stk-block-column stk-column stk-block stk-f262db7\" data-v=\"4\" data-block-id=\"f262db7\"><div class=\"stk-column-wrapper stk-block-column__content stk-container stk-f262db7-container stk--no-background stk--no-padding\"><div class=\"stk-block-content stk-inner-blocks stk-f262db7-inner-blocks\">\n<div class=\"wp-block-stackable-text stk-block-text stk-block stk-0917fa6\" data-block-id=\"0917fa6\"><style>.stk-0917fa6{margin-bottom:0px !important;top:-38px !important}.stk-0917fa6 .stk-block-text__text{font-size:35px !important}@media screen and (max-width:999px){.stk-0917fa6 .stk-block-text__text{font-size:35px !important}}<\/style><p class=\"stk-block-text__text has-text-align-center\"><strong>Misi\u00f3n<\/strong><\/p><\/div>\n\n\n\n<div class=\"wp-block-stackable-text stk-block-text stk-block stk-5a122b6\" data-block-id=\"5a122b6\"><style>.stk-5a122b6{top:-51px !important}<\/style><p class=\"stk-block-text__text has-text-align-justify\">Portada Latina, tiene como misi\u00f3n promover el talento hispano que, a trav\u00e9s de su trabajo honesto, contribuye al crecimiento de los Estados Unidos y de las comunidades en las que se desarrollan, compartimos su visi\u00f3n en una sinergia empresarial afectiva.<\/p><\/div>\n<\/div><\/div><\/div>\n\n\n\n<div class=\"wp-block-stackable-column stk-block-column stk-column stk-block stk-63ab203\" data-v=\"4\" data-block-id=\"63ab203\"><div class=\"stk-column-wrapper stk-block-column__content stk-container stk-63ab203-container stk--no-background stk--no-padding\"><div class=\"stk-block-content stk-inner-blocks stk-63ab203-inner-blocks\">\n<div class=\"wp-block-stackable-text stk-block-text stk-block stk-2eb3e87\" data-block-id=\"2eb3e87\"><style>.stk-2eb3e87{margin-bottom:0px !important;top:-33px !important}.stk-2eb3e87 .stk-block-text__text{font-size:35px !important}@media screen and (max-width:999px){.stk-2eb3e87 .stk-block-text__text{font-size:35px !important}}<\/style><p class=\"stk-block-text__text has-text-align-center\"><strong>Valores<\/strong><\/p><\/div>\n\n\n\n<div class=\"wp-block-stackable-text stk-block-text stk-block stk-1a56b31\" data-block-id=\"1a56b31\"><style>.stk-1a56b31{top:-50px !important}<\/style><p class=\"stk-block-text__text has-text-align-justify\">Portada Latina, se fundamenta en valores de integridad, diversidad, y excelencia. Nos comprometemos a actuar con honestidad y \u00e9tica en todo lo que hacemos, celebrando la riqueza de la cultura hispana y su diversidad, valoramos la calidad y el rigor en nuestras publicaciones trabajando en equipo, esforz\u00e1ndonos por ofrecer contenido que inspire, informe y empodere a nuestra comunidad. Fomentamos la inclusi\u00f3n y el respeto, reconociendo y apreciando las contribuciones de cada individuo al bienestar colectivo.<\/p><\/div>\n<\/div><\/div><\/div>\n<\/div><\/div>\n","protected":false},"excerpt":{"rendered":"excerpt","protected":false},"author":1,"featured_media":0,"parent":0,"menu_order":0,"comment_status":"closed","ping_status":"closed","template":"","meta":{"_uag_custom_page_level_css":"","episode_type":"","audio_file":"","podmotor_file_id":"","podmotor_episode_id":"","cover_image":"","cover_image_id":"","duration":"","filesize":"","filesize_raw":"","date_recorded":"","explicit":"","block":"","itunes_episode_number":"","itunes_title":"","itunes_season_number":"","itunes_episode_type":"","_jet_sm_ready_style":"","_jet_sm_style":"","_jet_sm_controls_values":"","_jet_sm_fonts_collection":"","_jet_sm_fonts_links":"","_joinchat":[],"footnotes":""},"class_list":["post-1987","page","type-page","status-publish","hentry"],"blocksy_meta":[],"uagb_featured_image_src":{"full":false,"thumbnail":false,"medium":false,"medium_large":false,"large":false,"1536x1536":false,"2048x2048":false,"woocommerce_archive_thumbnail":false,"woocommerce_thumbnail":false,"woocommerce_single":false,"woocommerce_gallery_thumbnail":false},"uagb_author_info":{"display_name":"mayralapaz.com","author_link":"https:\/\/mayralapaz.com\/index.php\/author\/mayralapaz-com\/"},"uagb_comment_info":0,"uagb_excerpt":"Visi\u00f3n La revista Portada Latina en Florida Central aspira a ser el referente principal en la promoci\u00f3n y celebraci\u00f3n del talento hispano en Estados Unidos. Buscamos inspirar y empoderar a la comunidad hispana. Destacando sus logros y contribuciones significativas al desarrollo econ\u00f3mico, social y cultural del pa\u00eds, mientras fomentamos un sentido de orgullo y unidad&hellip;","_links":{"self":[{"href":"https:\/\/mayralapaz.com\/index.php\/wp-json\/wp\/v2\/pages\/1987","targetHints":{"allow":["GET"]}}],"collection":[{"href":"https:\/\/mayralapaz.com\/index.php\/wp-json\/wp\/v2\/pages"}],"about":[{"href":"https:\/\/mayralapaz.com\/index.php\/wp-json\/wp\/v2\/types\/page"}],"author":[{"embeddable":true,"href":"https:\/\/mayralapaz.com\/index.php\/wp-json\/wp\/v2\/users\/1"}],"replies":[{"embeddable":true,"href":"https:\/\/mayralapaz.com\/index.php\/wp-json\/wp\/v2\/comments?post=1987"}],"version-history":[{"count":11,"href":"https:\/\/mayralapaz.com\/index.php\/wp-json\/wp\/v2\/pages\/1987\/revisions"}],"predecessor-version":[{"id":2442,"href":"https:\/\/mayralapaz.com\/index.php\/wp-json\/wp\/v2\/pages\/1987\/revisions\/2442"}],"wp:attachment":[{"href":"https:\/\/mayralapaz.com\/index.php\/wp-json\/wp\/v2\/media?parent=1987"}],"curies":[{"name":"wp","href":"https:\/\/api.w.org\/{rel}","templated":true}]}}