{"id":1855,"date":"2024-02-26T08:14:56","date_gmt":"2024-02-26T12:14:56","guid":{"rendered":"https:\/\/mayralapaz.com\/?page_id=1855"},"modified":"2024-02-26T13:41:37","modified_gmt":"2024-02-26T17:41:37","slug":"blog-2","status":"publish","type":"page","link":"https:\/\/mayralapaz.com\/index.php\/blog-2\/","title":{"rendered":"Blog"},"content":{"rendered":"\n<div class=\"wp-block-stackable-columns alignfull stk-block-columns stk-block stk-7254046\" data-block-id=\"7254046\"><div class=\"stk-row stk-inner-blocks stk-block-content stk-content-align stk-7254046-column alignfull\">\n<div class=\"wp-block-stackable-column stk-block-column stk-column stk-block stk-5261e13\" data-v=\"4\" data-block-id=\"5261e13\"><div class=\"stk-column-wrapper stk-block-column__content stk-container stk-5261e13-container stk--no-background stk--no-padding\"><div class=\"has-text-align-right stk-block-content stk-inner-blocks stk-5261e13-inner-blocks\">\n<div class=\"wp-block-stackable-image stk-block-image stk-block stk-fae3363\" data-block-id=\"fae3363\"><figure><span class=\"stk-img-wrapper stk-image--shape-stretch\"><img fetchpriority=\"high\" decoding=\"async\" class=\"stk-img wp-image-1727\" src=\"http:\/\/mayralapaz.com\/wp-content\/uploads\/2024\/02\/Banner-Blog-2.jpg\" width=\"2560\" height=\"440\" srcset=\"https:\/\/mayralapaz.com\/wp-content\/uploads\/2024\/02\/Banner-Blog-2.jpg 2560w, https:\/\/mayralapaz.com\/wp-content\/uploads\/2024\/02\/Banner-Blog-2-600x103.jpg 600w, https:\/\/mayralapaz.com\/wp-content\/uploads\/2024\/02\/Banner-Blog-2-300x52.jpg 300w, https:\/\/mayralapaz.com\/wp-content\/uploads\/2024\/02\/Banner-Blog-2-1024x176.jpg 1024w, https:\/\/mayralapaz.com\/wp-content\/uploads\/2024\/02\/Banner-Blog-2-768x132.jpg 768w, https:\/\/mayralapaz.com\/wp-content\/uploads\/2024\/02\/Banner-Blog-2-1536x264.jpg 1536w, https:\/\/mayralapaz.com\/wp-content\/uploads\/2024\/02\/Banner-Blog-2-2048x352.jpg 2048w\" sizes=\"(max-width: 2560px) 100vw, 2560px\" \/><\/span><\/figure><\/div>\n<\/div><\/div><\/div>\n<\/div><\/div>\n\n\n\n<div class=\"wp-block-stackable-columns alignfull stk-block-columns stk-block stk-0e18e30\" data-block-id=\"0e18e30\"><div class=\"stk-row stk-inner-blocks stk-block-content stk-content-align stk-0e18e30-column alignfull\">\n<div class=\"wp-block-stackable-column stk-block-column stk-column stk-block stk-55a6de4\" data-v=\"4\" data-block-id=\"55a6de4\"><div class=\"stk-column-wrapper stk-block-column__content stk-container stk-55a6de4-container stk--no-background stk--no-padding\"><div class=\"stk-block-content stk-inner-blocks stk-55a6de4-inner-blocks\">\n<div class=\"wp-block-stackable-posts alignwide stk-block-posts stk-block stk-b671f68 is-style-list\" data-v=\"2\" data-block-id=\"b671f68\"><style>.stk-b671f68-container .stk-block-posts__image-link{flex-basis:35% !important;margin-bottom:11px !important}.stk-b671f68 .stk-container-padding{width:65% !important}<\/style><div class=\"stk-inner-blocks stk-content-align stk-b671f68-column alignwide\"><div class=\"stk-block-posts__items\"><div class=\"stk-block-posts__item\"><div class=\"stk-container stk-b671f68-container stk--no-background stk--no-padding\"><a href=\"https:\/\/mayralapaz.com\/index.php\/2025\/06\/27\/continuan-dialogo-sobre-crisis-de-haiti\/\" class=\"stk-block-posts__image-link\"><figure class=\"stk-img-wrapper stk-image--shape-stretch\"><img decoding=\"async\" width=\"1200\" height=\"800\" src=\"https:\/\/mayralapaz.com\/wp-content\/uploads\/2025\/06\/abinader-y-danilo.jpeg\" class=\"attachment-full size-full wp-post-image\" alt=\"\" srcset=\"https:\/\/mayralapaz.com\/wp-content\/uploads\/2025\/06\/abinader-y-danilo.jpeg 1200w, https:\/\/mayralapaz.com\/wp-content\/uploads\/2025\/06\/abinader-y-danilo-300x200.jpeg 300w, https:\/\/mayralapaz.com\/wp-content\/uploads\/2025\/06\/abinader-y-danilo-1024x683.jpeg 1024w, https:\/\/mayralapaz.com\/wp-content\/uploads\/2025\/06\/abinader-y-danilo-768x512.jpeg 768w, https:\/\/mayralapaz.com\/wp-content\/uploads\/2025\/06\/abinader-y-danilo-600x400.jpeg 600w\" sizes=\"(max-width: 1200px) 100vw, 1200px\" \/><\/figure><\/a><article class=\"stk-container-padding\"><h3 class=\"stk-block-posts__title\"><a href='https:\/\/mayralapaz.com\/index.php\/2025\/06\/27\/continuan-dialogo-sobre-crisis-de-haiti\/'>Continuan di\u00e1logo sobre crisis de Hait\u00ed<\/a><\/h3><aside class=\"stk-block-posts__meta stk-subtitle\"><span>Por la Redacci\u00f3n<\/span><span class=\"stk-block-posts__meta-sep\">\u00b7<\/span><time datetime=\"2025-06-27T13:44:39-04:00\">27\/06\/2025<\/time><span class=\"stk-block-posts__meta-sep\">\u00b7<\/span><span>0 comentarios<\/span><\/aside><div class=\"stk-block-posts__category stk-subtitle\"><a href=\"https:\/\/mayralapaz.com\/index.php\/category\/que-pasa-rd\/\" rel=\"category tag\">\u00bfQu\u00e9 Pasa RD?<\/a><\/div><div class=\"stk-block-posts__excerpt\">excerpt<\/div><a class=\"stk-block-posts__readmore\" href=\"https:\/\/mayralapaz.com\/index.php\/2025\/06\/27\/continuan-dialogo-sobre-crisis-de-haiti\/\">Seguir leyendo<\/a><\/article><\/div><\/div><div class=\"stk-block-posts__item\"><div class=\"stk-container stk-b671f68-container stk--no-background stk--no-padding\"><a href=\"https:\/\/mayralapaz.com\/index.php\/2025\/06\/27\/consejo-de-ministros-aprueba-la-politica-presupuestaria-de-2026\/\" class=\"stk-block-posts__image-link\"><figure class=\"stk-img-wrapper stk-image--shape-stretch\"><img decoding=\"async\" width=\"1200\" height=\"800\" src=\"https:\/\/mayralapaz.com\/wp-content\/uploads\/2025\/06\/Consejo-de-Gobierno-scaled-1.jpg\" class=\"attachment-full size-full wp-post-image\" alt=\"\" srcset=\"https:\/\/mayralapaz.com\/wp-content\/uploads\/2025\/06\/Consejo-de-Gobierno-scaled-1.jpg 1200w, https:\/\/mayralapaz.com\/wp-content\/uploads\/2025\/06\/Consejo-de-Gobierno-scaled-1-300x200.jpg 300w, https:\/\/mayralapaz.com\/wp-content\/uploads\/2025\/06\/Consejo-de-Gobierno-scaled-1-1024x683.jpg 1024w, https:\/\/mayralapaz.com\/wp-content\/uploads\/2025\/06\/Consejo-de-Gobierno-scaled-1-768x512.jpg 768w, https:\/\/mayralapaz.com\/wp-content\/uploads\/2025\/06\/Consejo-de-Gobierno-scaled-1-600x400.jpg 600w\" sizes=\"(max-width: 1200px) 100vw, 1200px\" \/><\/figure><\/a><article class=\"stk-container-padding\"><h3 class=\"stk-block-posts__title\"><a href='https:\/\/mayralapaz.com\/index.php\/2025\/06\/27\/consejo-de-ministros-aprueba-la-politica-presupuestaria-de-2026\/'>Consejo de Ministros aprueba la pol\u00edtica presupuestaria de 2026<\/a><\/h3><aside class=\"stk-block-posts__meta stk-subtitle\"><span>Por la Redacci\u00f3n<\/span><span class=\"stk-block-posts__meta-sep\">\u00b7<\/span><time datetime=\"2025-06-27T13:42:20-04:00\">27\/06\/2025<\/time><span class=\"stk-block-posts__meta-sep\">\u00b7<\/span><span>0 comentarios<\/span><\/aside><div class=\"stk-block-posts__category stk-subtitle\"><a href=\"https:\/\/mayralapaz.com\/index.php\/category\/que-pasa-rd\/\" rel=\"category tag\">\u00bfQu\u00e9 Pasa RD?<\/a><\/div><div class=\"stk-block-posts__excerpt\">excerpt<\/div><a class=\"stk-block-posts__readmore\" href=\"https:\/\/mayralapaz.com\/index.php\/2025\/06\/27\/consejo-de-ministros-aprueba-la-politica-presupuestaria-de-2026\/\">Seguir leyendo<\/a><\/article><\/div><\/div><div class=\"stk-block-posts__item\"><div class=\"stk-container stk-b671f68-container stk--no-background stk--no-padding\"><a href=\"https:\/\/mayralapaz.com\/index.php\/2025\/06\/27\/presidente-scj-rd-expone-en-foro-mundial-de-justicia-en-polonia\/\" class=\"stk-block-posts__image-link\"><\/a><article class=\"stk-container-padding\"><h3 class=\"stk-block-posts__title\"><a href='https:\/\/mayralapaz.com\/index.php\/2025\/06\/27\/presidente-scj-rd-expone-en-foro-mundial-de-justicia-en-polonia\/'>Presidente SCJ RD expone en Foro Mundial de Justicia en POLONIA<\/a><\/h3><aside class=\"stk-block-posts__meta stk-subtitle\"><span>Por la Redacci\u00f3n<\/span><span class=\"stk-block-posts__meta-sep\">\u00b7<\/span><time datetime=\"2025-06-27T13:38:33-04:00\">27\/06\/2025<\/time><span class=\"stk-block-posts__meta-sep\">\u00b7<\/span><span>0 comentarios<\/span><\/aside><div class=\"stk-block-posts__category stk-subtitle\"><a href=\"https:\/\/mayralapaz.com\/index.php\/category\/que-pasa-rd\/\" rel=\"category tag\">\u00bfQu\u00e9 Pasa RD?<\/a><\/div><div class=\"stk-block-posts__excerpt\">excerpt<\/div><a class=\"stk-block-posts__readmore\" href=\"https:\/\/mayralapaz.com\/index.php\/2025\/06\/27\/presidente-scj-rd-expone-en-foro-mundial-de-justicia-en-polonia\/\">Seguir leyendo<\/a><\/article><\/div><\/div><div class=\"stk-block-posts__item\"><div class=\"stk-container stk-b671f68-container stk--no-background stk--no-padding\"><a href=\"https:\/\/mayralapaz.com\/index.php\/2025\/06\/27\/reconocen-en-ny-a-30-estudiantes-dominicanos-meritorios\/\" class=\"stk-block-posts__image-link\"><figure class=\"stk-img-wrapper stk-image--shape-stretch\"><img loading=\"lazy\" decoding=\"async\" width=\"950\" height=\"465\" src=\"https:\/\/mayralapaz.com\/wp-content\/uploads\/2025\/06\/dominicanos-exitosos.jpeg\" class=\"attachment-full size-full wp-post-image\" alt=\"\" srcset=\"https:\/\/mayralapaz.com\/wp-content\/uploads\/2025\/06\/dominicanos-exitosos.jpeg 950w, https:\/\/mayralapaz.com\/wp-content\/uploads\/2025\/06\/dominicanos-exitosos-300x147.jpeg 300w, https:\/\/mayralapaz.com\/wp-content\/uploads\/2025\/06\/dominicanos-exitosos-768x376.jpeg 768w, https:\/\/mayralapaz.com\/wp-content\/uploads\/2025\/06\/dominicanos-exitosos-600x294.jpeg 600w\" sizes=\"(max-width: 950px) 100vw, 950px\" \/><\/figure><\/a><article class=\"stk-container-padding\"><h3 class=\"stk-block-posts__title\"><a href='https:\/\/mayralapaz.com\/index.php\/2025\/06\/27\/reconocen-en-ny-a-30-estudiantes-dominicanos-meritorios\/'>Reconocen en NY a 30 estudiantes dominicanos meritorios<\/a><\/h3><aside class=\"stk-block-posts__meta stk-subtitle\"><span>Por la Redacci\u00f3n<\/span><span class=\"stk-block-posts__meta-sep\">\u00b7<\/span><time datetime=\"2025-06-27T13:31:14-04:00\">27\/06\/2025<\/time><span class=\"stk-block-posts__meta-sep\">\u00b7<\/span><span>0 comentarios<\/span><\/aside><div class=\"stk-block-posts__category stk-subtitle\"><a href=\"https:\/\/mayralapaz.com\/index.php\/category\/latinos-en-usa\/\" rel=\"category tag\">Latinos en USA<\/a>, <a href=\"https:\/\/mayralapaz.com\/index.php\/category\/news\/\" rel=\"category tag\">News<\/a><\/div><div class=\"stk-block-posts__excerpt\">excerpt<\/div><a class=\"stk-block-posts__readmore\" href=\"https:\/\/mayralapaz.com\/index.php\/2025\/06\/27\/reconocen-en-ny-a-30-estudiantes-dominicanos-meritorios\/\">Seguir leyendo<\/a><\/article><\/div><\/div><div class=\"stk-block-posts__item\"><div class=\"stk-container stk-b671f68-container stk--no-background stk--no-padding\"><a href=\"https:\/\/mayralapaz.com\/index.php\/2025\/06\/27\/estados-unidos-y-china-pactan-nuevas-relaciones-comerciales\/\" class=\"stk-block-posts__image-link\"><figure class=\"stk-img-wrapper stk-image--shape-stretch\"><img loading=\"lazy\" decoding=\"async\" width=\"823\" height=\"497\" src=\"https:\/\/mayralapaz.com\/wp-content\/uploads\/2025\/06\/EE.UU-China-1024x512-1.jpg\" class=\"attachment-full size-full wp-post-image\" alt=\"\" srcset=\"https:\/\/mayralapaz.com\/wp-content\/uploads\/2025\/06\/EE.UU-China-1024x512-1.jpg 823w, https:\/\/mayralapaz.com\/wp-content\/uploads\/2025\/06\/EE.UU-China-1024x512-1-300x181.jpg 300w, https:\/\/mayralapaz.com\/wp-content\/uploads\/2025\/06\/EE.UU-China-1024x512-1-768x464.jpg 768w, https:\/\/mayralapaz.com\/wp-content\/uploads\/2025\/06\/EE.UU-China-1024x512-1-600x362.jpg 600w\" sizes=\"(max-width: 823px) 100vw, 823px\" \/><\/figure><\/a><article class=\"stk-container-padding\"><h3 class=\"stk-block-posts__title\"><a href='https:\/\/mayralapaz.com\/index.php\/2025\/06\/27\/estados-unidos-y-china-pactan-nuevas-relaciones-comerciales\/'>\u00a0Estados Unidos y China pactan nuevas relaciones comerciales<\/a><\/h3><aside class=\"stk-block-posts__meta stk-subtitle\"><span>Por la Redacci\u00f3n<\/span><span class=\"stk-block-posts__meta-sep\">\u00b7<\/span><time datetime=\"2025-06-27T13:27:30-04:00\">27\/06\/2025<\/time><span class=\"stk-block-posts__meta-sep\">\u00b7<\/span><span>0 comentarios<\/span><\/aside><div class=\"stk-block-posts__category stk-subtitle\"><a href=\"https:\/\/mayralapaz.com\/index.php\/category\/news\/\" rel=\"category tag\">News<\/a><\/div><div class=\"stk-block-posts__excerpt\">excerpt<\/div><a class=\"stk-block-posts__readmore\" href=\"https:\/\/mayralapaz.com\/index.php\/2025\/06\/27\/estados-unidos-y-china-pactan-nuevas-relaciones-comerciales\/\">Seguir leyendo<\/a><\/article><\/div><\/div><div class=\"stk-block-posts__item\"><div class=\"stk-container stk-b671f68-container stk--no-background stk--no-padding\"><a href=\"https:\/\/mayralapaz.com\/index.php\/2025\/06\/27\/informan-economia-dominicana-registra-crecimiento-del-31-en-mayo\/\" class=\"stk-block-posts__image-link\"><figure class=\"stk-img-wrapper stk-image--shape-stretch\"><img loading=\"lazy\" decoding=\"async\" width=\"676\" height=\"488\" src=\"https:\/\/mayralapaz.com\/wp-content\/uploads\/2025\/06\/registra.jpg\" class=\"attachment-full size-full wp-post-image\" alt=\"\" srcset=\"https:\/\/mayralapaz.com\/wp-content\/uploads\/2025\/06\/registra.jpg 676w, https:\/\/mayralapaz.com\/wp-content\/uploads\/2025\/06\/registra-300x217.jpg 300w, https:\/\/mayralapaz.com\/wp-content\/uploads\/2025\/06\/registra-600x433.jpg 600w\" sizes=\"(max-width: 676px) 100vw, 676px\" \/><\/figure><\/a><article class=\"stk-container-padding\"><h3 class=\"stk-block-posts__title\"><a href='https:\/\/mayralapaz.com\/index.php\/2025\/06\/27\/informan-economia-dominicana-registra-crecimiento-del-31-en-mayo\/'>Informan econom\u00eda dominicana registra crecimiento del 3,1 % en mayo<\/a><\/h3><aside class=\"stk-block-posts__meta stk-subtitle\"><span>Por la Redacci\u00f3n<\/span><span class=\"stk-block-posts__meta-sep\">\u00b7<\/span><time datetime=\"2025-06-27T12:59:15-04:00\">27\/06\/2025<\/time><span class=\"stk-block-posts__meta-sep\">\u00b7<\/span><span>0 comentarios<\/span><\/aside><div class=\"stk-block-posts__category stk-subtitle\"><a href=\"https:\/\/mayralapaz.com\/index.php\/category\/que-pasa-rd\/\" rel=\"category tag\">\u00bfQu\u00e9 Pasa RD?<\/a><\/div><div class=\"stk-block-posts__excerpt\">excerpt<\/div><a class=\"stk-block-posts__readmore\" href=\"https:\/\/mayralapaz.com\/index.php\/2025\/06\/27\/informan-economia-dominicana-registra-crecimiento-del-31-en-mayo\/\">Seguir leyendo<\/a><\/article><\/div><\/div><\/div><div class=\"stk-inner-blocks\"><\/div><\/div><\/div>\n<\/div><\/div><\/div>\n<\/div><\/div>\n\n\n\n<div class=\"wp-block-stackable-columns stk-block-columns stk-block\"><div class=\"stk-row stk-inner-blocks stk-block-content stk-content-align stk--column\"><\/div><\/div>\n","protected":false},"excerpt":{"rendered":"excerpt","protected":false},"author":1,"featured_media":0,"parent":0,"menu_order":0,"comment_status":"closed","ping_status":"closed","template":"","meta":{"_uag_custom_page_level_css":"","episode_type":"","audio_file":"","podmotor_file_id":"","podmotor_episode_id":"","cover_image":"","cover_image_id":"","duration":"","filesize":"","filesize_raw":"","date_recorded":"","explicit":"","block":"","itunes_episode_number":"","itunes_title":"","itunes_season_number":"","itunes_episode_type":"","_jet_sm_ready_style":"","_jet_sm_style":"","_jet_sm_controls_values":"","_jet_sm_fonts_collection":"","_jet_sm_fonts_links":"","_joinchat":[],"footnotes":""},"class_list":["post-1855","page","type-page","status-publish","hentry"],"blocksy_meta":{"page_title_panel":"","has_hero_section":"disabled","25b2b4defa9e5958955601886b88cd66":"","hero_section":"type-1","hero_elements":[{"id":"custom_title","enabled":true,"heading_tag":"h1","title":"Home"},{"id":"custom_description","enabled":true,"description_visibility":{"desktop":true,"tablet":true,"mobile":false}},{"id":"custom_meta","enabled":false,"meta_elements":[{"id":"author","enabled":true,"label":"By","has_author_avatar":"yes","avatar_size":25},{"id":"post_date","enabled":true,"label":"On","date_format_source":"default","date_format":"M j, Y"},{"id":"updated_date","enabled":false,"label":"On","date_format_source":"default","date_format":"M j, Y"},{"id":"categories","enabled":false,"label":"In","style":"simple"},{"id":"comments","enabled":true}],"page_meta_elements":{"joined":true,"articles_count":true,"comments":true}},{"id":"breadcrumbs","enabled":false}],"7fc694c1e77368852a20b6cfa8cb6e51":"","hero_alignment1":"CT_CSS_SKIP_RULE","hero_margin":40,"hero_alignment2":"center","hero_vertical_alignment":"center","14bc9a7319c82c3f8bbebfcfe8fa8745":"","hero_structure":"narrow","22eed9c0e701144b856bb0ac4cb11f8f":"","page_title_bg_type":"featured_image","custom_hero_background":{"attachment_id":null},"page_title_image_size":"full","parallax":{"desktop":false,"tablet":false,"mobile":false},"7b65d9088366ac3d796b84bf1ccb69a8":"","hero_height":"250px","pageTitleFont":{"family":"Default","variation":"Default","size":"30px","line-height":"CT_CSS_SKIP_RULE","letter-spacing":"CT_CSS_SKIP_RULE","text-transform":"CT_CSS_SKIP_RULE","text-decoration":"CT_CSS_SKIP_RULE"},"pageTitleFontColor":{"default":{"color":"CT_CSS_SKIP_RULEDEFAULT"}},"pageMetaFont":{"family":"Default","variation":"n6","size":"12px","line-height":"1.3","letter-spacing":"CT_CSS_SKIP_RULE","text-transform":"uppercase","text-decoration":"CT_CSS_SKIP_RULE"},"pageMetaFontColor":{"default":{"color":"CT_CSS_SKIP_RULEDEFAULT"},"hover":{"color":"CT_CSS_SKIP_RULEDEFAULT"}},"page_meta_button_type_font_colors":{"default":{"color":"CT_CSS_SKIP_RULEDEFAULT"},"hover":{"color":"CT_CSS_SKIP_RULEDEFAULT"}},"page_meta_button_type_background_colors":{"default":{"color":"CT_CSS_SKIP_RULEDEFAULT"},"hover":{"color":"CT_CSS_SKIP_RULEDEFAULT"}},"pageExcerptFont":{"family":"Default","variation":"Default","size":"CT_CSS_SKIP_RULE","line-height":"CT_CSS_SKIP_RULE","letter-spacing":"CT_CSS_SKIP_RULE","text-transform":"CT_CSS_SKIP_RULE","text-decoration":"CT_CSS_SKIP_RULE"},"pageExcerptColor":{"default":{"color":"CT_CSS_SKIP_RULEDEFAULT"}},"breadcrumbsFont":{"family":"Default","variation":"Default","size":"CT_CSS_SKIP_RULE","line-height":"CT_CSS_SKIP_RULE","letter-spacing":"CT_CSS_SKIP_RULE","text-transform":"CT_CSS_SKIP_RULE","text-decoration":"CT_CSS_SKIP_RULE"},"breadcrumbsFontColor":{"default":{"color":"CT_CSS_SKIP_RULEDEFAULT"},"initial":{"color":"CT_CSS_SKIP_RULEDEFAULT"},"hover":{"color":"CT_CSS_SKIP_RULEDEFAULT"}},"pageTitleOverlay":{"background_type":"color","background_pattern":"type-1","background_image":{"attachment_id":null,"x":0,"y":0},"gradient":"linear-gradient(135deg,rgba(6,147,227,1) 0%,rgb(155,81,224) 100%)","background_repeat":"repeat","background_size":"auto","background_attachment":"scroll","patternColor":{"default":{"color":"#e5e7ea"}},"overlayColor":{"default":{"color":"CT_CSS_SKIP_RULE"}},"backgroundColor":{"default":{"color":"CT_CSS_SKIP_RULE"}}},"pageTitleBackground":{"background_type":"color","background_pattern":"type-1","background_image":{"attachment_id":null,"x":0,"y":0},"gradient":"linear-gradient(135deg,rgba(6,147,227,1) 0%,rgb(155,81,224) 100%)","background_repeat":"repeat","background_size":"auto","background_attachment":"scroll","patternColor":{"default":{"color":"#e5e7ea"}},"overlayColor":{"default":{"color":"CT_CSS_SKIP_RULE"}},"backgroundColor":{"default":{"color":"var(--theme-palette-color-6)"}}},"pageTitlePadding":{"top":"50px","bottom":"50px","left":"auto","right":"auto","linked":true},"e91887772d6e3cce3ac54ea12eaad70d":"","page_structure_type":"default","92ac8d6ea476c9002a2bdc3ebe15676b":"","content_style_source":"inherit","content_style":"wide","vertical_spacing_source":"custom","content_area_spacing":"none","background":{"background_type":"color","background_pattern":"type-1","background_image":{"attachment_id":null,"x":0,"y":0},"gradient":"linear-gradient(135deg,rgba(6,147,227,1) 0%,rgb(155,81,224) 100%)","background_repeat":"repeat","background_size":"auto","background_attachment":"scroll","patternColor":{"default":{"color":"#e5e7ea"}},"overlayColor":{"default":{"color":"CT_CSS_SKIP_RULE"}},"backgroundColor":{"default":{"color":"CT_CSS_SKIP_RULE"}}},"content_background":{"background_type":"color","background_pattern":"type-1","background_image":{"attachment_id":null,"x":0,"y":0},"gradient":"linear-gradient(135deg,rgba(6,147,227,1) 0%,rgb(155,81,224) 100%)","background_repeat":"repeat","background_size":"auto","background_attachment":"scroll","patternColor":{"default":{"color":"#e5e7ea"}},"overlayColor":{"default":{"color":"CT_CSS_SKIP_RULE"}},"backgroundColor":{"default":{"color":"var(--theme-palette-color-8)"}}},"content_boxed_shadow":{"inherit":false,"blur":18,"spread":-6,"v_offset":12,"h_offset":0,"inset":false,"enable":true,"color":{"color":"rgba(34, 56, 101, 0.04)"}},"content_boxed_border":{"width":1,"style":"none","color":{"color":"rgba(44,62,80,0.2)"}},"content_boxed_radius":{"top":"3px","bottom":"3px","left":"3px","right":"3px","linked":true},"boxed_content_spacing":{"desktop":{"top":"40px","bottom":"40px","left":"40px","right":"40px","linked":true},"tablet":{"top":"35px","bottom":"35px","left":"35px","right":"35px","linked":true},"mobile":{"top":"20px","bottom":"20px","left":"20px","right":"20px","linked":true}},"ecddc87e3a3c2a763c315647db2963c3":"","disable_featured_image":"no","disable_share_box":"no","disable_header":"no","disable_footer":"no","styles_descriptor":{"styles":{"desktop":"","tablet":"","mobile":""},"google_fonts":[],"version":6}},"uagb_featured_image_src":{"full":false,"thumbnail":false,"medium":false,"medium_large":false,"large":false,"1536x1536":false,"2048x2048":false,"woocommerce_archive_thumbnail":false,"woocommerce_thumbnail":false,"woocommerce_single":false,"woocommerce_gallery_thumbnail":false},"uagb_author_info":{"display_name":"mayralapaz.com","author_link":"https:\/\/mayralapaz.com\/index.php\/author\/mayralapaz-com\/"},"uagb_comment_info":0,"uagb_excerpt":"Continuan di\u00e1logo sobre crisis de Hait\u00ed Por la Redacci\u00f3n\u00b727\/06\/2025\u00b70 comentarios \u00bfQu\u00e9 Pasa RD? excerpt Seguir leyendo Consejo de Ministros aprueba la pol\u00edtica presupuestaria de 2026 Por la Redacci\u00f3n\u00b727\/06\/2025\u00b70 comentarios \u00bfQu\u00e9 Pasa RD? excerpt Seguir leyendo Presidente SCJ RD expone en Foro Mundial de Justicia en POLONIA Por la Redacci\u00f3n\u00b727\/06\/2025\u00b70 comentarios \u00bfQu\u00e9 Pasa RD? excerpt Seguir&hellip;","_links":{"self":[{"href":"https:\/\/mayralapaz.com\/index.php\/wp-json\/wp\/v2\/pages\/1855","targetHints":{"allow":["GET"]}}],"collection":[{"href":"https:\/\/mayralapaz.com\/index.php\/wp-json\/wp\/v2\/pages"}],"about":[{"href":"https:\/\/mayralapaz.com\/index.php\/wp-json\/wp\/v2\/types\/page"}],"author":[{"embeddable":true,"href":"https:\/\/mayralapaz.com\/index.php\/wp-json\/wp\/v2\/users\/1"}],"replies":[{"embeddable":true,"href":"https:\/\/mayralapaz.com\/index.php\/wp-json\/wp\/v2\/comments?post=1855"}],"version-history":[{"count":11,"href":"https:\/\/mayralapaz.com\/index.php\/wp-json\/wp\/v2\/pages\/1855\/revisions"}],"predecessor-version":[{"id":1881,"href":"https:\/\/mayralapaz.com\/index.php\/wp-json\/wp\/v2\/pages\/1855\/revisions\/1881"}],"wp:attachment":[{"href":"https:\/\/mayralapaz.com\/index.php\/wp-json\/wp\/v2\/media?parent=1855"}],"curies":[{"name":"wp","href":"https:\/\/api.w.org\/{rel}","templated":true}]}}